{"id":8,"date":"2026-02-07T07:26:17","date_gmt":"2026-02-07T07:26:17","guid":{"rendered":"https:\/\/mocky.eu\/?page_id=8"},"modified":"2026-02-15T22:11:43","modified_gmt":"2026-02-15T22:11:43","slug":"home","status":"publish","type":"page","link":"https:\/\/mocky.eu\/","title":{"rendered":"Strona G\u0142\u00f3wna"},"content":{"rendered":"<div class=\"et_pb_section_0 et_pb_section et_section_regular et_block_section\">\n<div class=\"et_pb_row_0 et_pb_row et_pb_equal_columns et_pb_gutters2 et_block_row preset--module--divi-row--default\">\n<div class=\"et_pb_column_0 et_pb_column et_pb_column_1_2 et_block_column et_pb_css_mix_blend_mode_passthrough preset--module--divi-column--a235f3f4-dc4f-460e-b432-cdcd38abf898\">\n<div class=\"et_pb_heading_0 et_pb_heading et_pb_module et_block_module preset--module--divi-heading--e9cd9c88-d7a5-4a4a-9942-640637435a57\"><div class=\"et_pb_heading_container\"><h1 class=\"et_pb_module_header\">Twoje<\/h1><\/div><\/div>\n\n<div class=\"et_pb_heading_1 et_pb_heading et_pb_module et_block_module preset--module--divi-heading--e9cd9c88-d7a5-4a4a-9942-640637435a57\"><div class=\"et_pb_heading_container\"><h1 class=\"et_pb_module_header\">ulubione<\/h1><\/div><\/div>\n\n<div class=\"et_pb_heading_2 et_pb_heading et_pb_module et_block_module preset--module--divi-heading--e9cd9c88-d7a5-4a4a-9942-640637435a57\"><div class=\"et_pb_heading_container\"><h1 class=\"et_pb_module_header\">mocktajle<\/h1><\/div><\/div>\n\n<div class=\"et_pb_text_0 et_pb_text et_pb_bg_layout_light et_pb_module et_block_module et_pb_text_align_center preset--module--divi-text--default\"><div class=\"et_pb_text_inner\"><p>Poczuj maksimum smaku bez alkoholu!<\/p>\n<\/div><\/div>\n\n<div class=\"et_pb_module et_pb_button_module_wrapper et_pb_button_0_wrapper preset--module--divi-button--4776e958-6f08-4879-b318-fd4665931e5b_wrapper\"><a class=\"et_pb_button_0 et_pb_button et_pb_bg_layout_light et_pb_module et_block_module preset--module--divi-button--4776e958-6f08-4879-b318-fd4665931e5b\" href=\"https:\/\/mocky.eu\/index.php\/contact\/\">zam\u00f3w teraz!<\/a><\/div>\n<\/div>\n\n<div class=\"et_pb_column_1 et_pb_column et_pb_column_1_2 et-last-child et_block_column et_pb_column_empty et_pb_css_mix_blend_mode_passthrough\"><\/div>\n<\/div>\n\n<div class=\"et_pb_row_1 et_pb_row et_flex_row preset--module--divi-row--default\">\n<div class=\"et_pb_column_2 et_pb_column et-last-child et_flex_column et_pb_css_mix_blend_mode_passthrough et_flex_column_24_24 et_flex_column_24_24_tablet et_flex_column_24_24_phone\">\n<div class=\"et_pb_heading_3 et_pb_heading et_pb_module et_flex_module preset--module--divi-heading--default\"><div class=\"et_pb_heading_container\"><h2 class=\"et_pb_module_header\">Dlaczego Mocky?<\/h2><\/div><\/div>\n\n<div class=\"et_pb_heading_4 et_pb_heading et_pb_module et_flex_module preset--module--divi-heading--default\"><div class=\"et_pb_heading_container\"><h2 class=\"et_pb_module_header\">Bo nasze napoje bezalkoholowe maj\u0105 prosty sk\u0142ad i pyszny smak, przez co dbaj\u0105 o Twoj\u0105 form\u0119 wieczorem i rano!<\/h2><\/div><\/div>\n<\/div>\n<\/div>\n\n<div class=\"et_pb_row_2 et_pb_row et_pb_equal_columns et_pb_gutters1 et_block_row preset--module--divi-row--default\">\n<div class=\"et_pb_column_3 et_pb_column et_pb_column_1_3 et_block_column et_pb_css_mix_blend_mode_passthrough preset--module--divi-column--ef8c7e9f-e8a6-4405-8aa7-36ee705ccb25\">\n<div class=\"et_pb_heading_5 et_pb_heading et_pb_module et_block_module preset--module--divi-heading--7f220422-f2f9-4ce3-8317-51dea5e90184\"><div class=\"et_pb_heading_container\"><h4 class=\"et_pb_module_header\">Najprostszy mo\u017cliwy sk\u0142ad <\/h4><\/div><\/div>\n\n<div class=\"et_pb_text_1 et_pb_text et_pb_bg_layout_light et_pb_module et_block_module et_pb_text_align_center preset--module--divi-text--default\"><div class=\"et_pb_text_inner\"><p><span class=\"a_GcMg font-feature-liga-off font-feature-clig-off font-feature-calt-off text-decoration-none text-strikethrough-none\"><strong>Zapomnij o wype\u0142niaczach<\/strong> w postaci zag\u0119szczonych sok\u00f3w jab\u0142kowych i sztucznych s\u0142odzikach<\/span><\/p>\n<\/div><\/div>\n\n<div class=\"et_pb_image_0 et_pb_image et_pb_module et_block_module preset--module--divi-image--6612a4e1-69ae-4740-94f1-ecf162f79e49\"><span class=\"et_pb_image_wrap\"><img loading=\"lazy\" decoding=\"async\" src=\"https:\/\/mocky.eu\/wp-content\/uploads\/2026\/02\/Cytrusy-w-skladzie-Mocky.jpg\" alt=\"Najprostszy mo\u017cliwy sk\u0142ad Mocky\" title=\"Cytrusy-w-sk\u0142adzie-Mocky\" width=\"1280\" height=\"1920\" srcset=\"https:\/\/mocky.eu\/wp-content\/uploads\/2026\/02\/Cytrusy-w-skladzie-Mocky.jpg 1280w, https:\/\/mocky.eu\/wp-content\/uploads\/2026\/02\/Cytrusy-w-skladzie-Mocky-980x1470.jpg 980w, https:\/\/mocky.eu\/wp-content\/uploads\/2026\/02\/Cytrusy-w-skladzie-Mocky-480x720.jpg 480w\" sizes=\"(min-width: 0px) and (max-width: 480px) 480px, (min-width: 481px) and (max-width: 980px) 980px, (min-width: 981px) 1280px, 100vw\" class=\"wp-image-74\" \/><\/span><\/div>\n<\/div>\n\n<div class=\"et_pb_column_4 et_pb_column et_pb_column_1_3 et_block_column et_pb_css_mix_blend_mode_passthrough preset--module--divi-column--ef8c7e9f-e8a6-4405-8aa7-36ee705ccb25\">\n<div class=\"et_pb_heading_6 et_pb_heading et_pb_module et_block_module preset--module--divi-heading--7f220422-f2f9-4ce3-8317-51dea5e90184\"><div class=\"et_pb_heading_container\"><h4 class=\"et_pb_module_header\">Smaki jak z baru i kawiarnii<\/h4><\/div><\/div>\n\n<div class=\"et_pb_text_2 et_pb_text et_pb_bg_layout_light et_pb_module et_block_module et_pb_text_align_center preset--module--divi-text--default\"><div class=\"et_pb_text_inner\"><p><span class=\"a_GcMg font-feature-liga-off font-feature-clig-off font-feature-calt-off text-decoration-none text-strikethrough-none\">Po\u0142\u0105czenie <\/span><span class=\"a_GcMg font-feature-liga-off font-feature-clig-off font-feature-calt-off text-decoration-none text-strikethrough-none\"><strong>wysokiej jako\u015bci<\/strong> sk\u0142adnik\u00f3w i <strong>naturalnych aromat\u00f3w<\/strong> tworzy smak jak ten prosto od barmana lub baristy!<\/span><\/p>\n<\/div><\/div>\n\n<div class=\"et_pb_image_1 et_pb_image et_pb_module et_block_module preset--module--divi-image--6612a4e1-69ae-4740-94f1-ecf162f79e49\"><span class=\"et_pb_image_wrap\"><img loading=\"lazy\" decoding=\"async\" src=\"https:\/\/mocky.eu\/wp-content\/uploads\/2026\/02\/Smak-jak-z-baru-lub-kawiarnii.jpg\" alt=\"Smak Mocky jest jak z baru lub kawiarni!\" title=\"Smak-jak-z-baru-lub-kawiarni\" width=\"1280\" height=\"1920\" srcset=\"https:\/\/mocky.eu\/wp-content\/uploads\/2026\/02\/Smak-jak-z-baru-lub-kawiarnii.jpg 1280w, https:\/\/mocky.eu\/wp-content\/uploads\/2026\/02\/Smak-jak-z-baru-lub-kawiarnii-980x1470.jpg 980w, https:\/\/mocky.eu\/wp-content\/uploads\/2026\/02\/Smak-jak-z-baru-lub-kawiarnii-480x720.jpg 480w\" sizes=\"(min-width: 0px) and (max-width: 480px) 480px, (min-width: 481px) and (max-width: 980px) 980px, (min-width: 981px) 1280px, 100vw\" class=\"wp-image-73\" \/><\/span><\/div>\n<\/div>\n\n<div class=\"et_pb_column_5 et_pb_column et_pb_column_1_3 et-last-child et_block_column et_pb_css_mix_blend_mode_passthrough preset--module--divi-column--ef8c7e9f-e8a6-4405-8aa7-36ee705ccb25\">\n<div class=\"et_pb_heading_7 et_pb_heading et_pb_module et_block_module preset--module--divi-heading--7f220422-f2f9-4ce3-8317-51dea5e90184\"><div class=\"et_pb_heading_container\"><h4 class=\"et_pb_module_header\">Alternatywa dla napoj\u00f3w no-lo<\/h4><\/div><\/div>\n\n<div class=\"et_pb_text_3 et_pb_text et_pb_bg_layout_light et_pb_module et_block_module et_pb_text_align_center preset--module--divi-text--default\"><div class=\"et_pb_text_inner\"><p><span class=\"a_GcMg font-feature-liga-off font-feature-clig-off font-feature-calt-off text-decoration-none text-strikethrough-none\">Daj swoim go\u015bciom <\/span><span class=\"a_GcMg font-feature-liga-off font-feature-clig-off font-feature-calt-off text-decoration-none text-strikethrough-none\">warto\u015bciowy zamiennik dla napoj\u00f3w bezalkoholowych i <strong>zamie\u0144 rutyn\u0119 na zabaw\u0119 bez ogranicze\u0144<\/strong>!<\/span><\/p>\n<\/div><\/div>\n\n<div class=\"et_pb_image_2 et_pb_image et_pb_module et_block_module preset--module--divi-image--6612a4e1-69ae-4740-94f1-ecf162f79e49\"><span class=\"et_pb_image_wrap\"><img loading=\"lazy\" decoding=\"async\" src=\"https:\/\/mocky.eu\/wp-content\/uploads\/2026\/02\/pexels-diego-silveira-675020766-29724653.jpg\" alt=\"Mocky no alcoholic bevrages\" title=\"Mocky no alcoholic bevrages\" width=\"1280\" height=\"1920\" srcset=\"https:\/\/mocky.eu\/wp-content\/uploads\/2026\/02\/pexels-diego-silveira-675020766-29724653.jpg 1280w, https:\/\/mocky.eu\/wp-content\/uploads\/2026\/02\/pexels-diego-silveira-675020766-29724653-980x1470.jpg 980w, https:\/\/mocky.eu\/wp-content\/uploads\/2026\/02\/pexels-diego-silveira-675020766-29724653-480x720.jpg 480w\" sizes=\"(min-width: 0px) and (max-width: 480px) 480px, (min-width: 481px) and (max-width: 980px) 980px, (min-width: 981px) 1280px, 100vw\" class=\"wp-image-48\" \/><\/span><\/div>\n<\/div>\n<\/div>\n<\/div>\n\n<div class=\"et_pb_section_1 et_pb_section et_section_regular et_block_section preset--module--divi-section--dcab9d91-b7f8-4dbb-9e10-2493434f70ee\"><span class=\"et_pb_background_pattern\"><\/span>\n<div class=\"et_pb_row_3 et_pb_row et_block_row preset--module--divi-row--default\">\n<div class=\"et_pb_column_6 et_pb_column et_pb_column_4_4 et-last-child et_block_column et_pb_css_mix_blend_mode_passthrough\">\n<div class=\"et_pb_icon_0 et_pb_icon et_pb_module et_block_module preset--module--divi-icon--bd8d44fa-5da3-4a7a-be90-8cb7fcb11f0f\"><span class=\"et_pb_icon_wrap\"><span class=\"et-pb-icon\">\uf06c<\/span><\/span><\/div>\n\n<div class=\"et_pb_heading_8 et_pb_heading et_pb_module et_block_module preset--module--divi-heading--default\"><div class=\"et_pb_heading_container\"><h2 class=\"et_pb_module_header\">Gotowy na lepsze jutro?<\/h2><\/div><\/div>\n\n<div class=\"et_pb_text_4 et_pb_text et_pb_bg_layout_light et_pb_module et_block_module et_pb_text_align_center preset--module--divi-text--ddf32ed1-e948-4ee3-9087-02d10ae0f5c4\"><div class=\"et_pb_text_inner\"><p><span class=\"a_GcMg font-feature-liga-off font-feature-clig-off font-feature-calt-off text-decoration-none text-strikethrough-none\">Prze\u017cywaj niezapomniane chwile, bez porannych konsekwencji!<\/span><\/p>\n<\/div><\/div>\n\n<div class=\"et_pb_module et_pb_button_module_wrapper et_pb_button_1_wrapper preset--module--divi-button--1b9251f3-4b26-4d9d-bf16-584b014c0ba7_wrapper\"><a class=\"et_pb_button_1 et_pb_button et_pb_bg_layout_light et_pb_module et_block_module preset--module--divi-button--1b9251f3-4b26-4d9d-bf16-584b014c0ba7\" href=\"https:\/\/mocky.eu\/index.php\/contact\/\">Zam\u00f3w teraz!<\/a><\/div>\n<\/div>\n<\/div>\n<\/div>","protected":false},"excerpt":{"rendered":"","protected":false},"author":1,"featured_media":0,"parent":0,"menu_order":0,"comment_status":"closed","ping_status":"closed","template":"","meta":{"footnotes":""},"class_list":["post-8","page","type-page","status-publish","hentry"],"_links":{"self":[{"href":"https:\/\/mocky.eu\/index.php\/wp-json\/wp\/v2\/pages\/8","targetHints":{"allow":["GET"]}}],"collection":[{"href":"https:\/\/mocky.eu\/index.php\/wp-json\/wp\/v2\/pages"}],"about":[{"href":"https:\/\/mocky.eu\/index.php\/wp-json\/wp\/v2\/types\/page"}],"author":[{"embeddable":true,"href":"https:\/\/mocky.eu\/index.php\/wp-json\/wp\/v2\/users\/1"}],"replies":[{"embeddable":true,"href":"https:\/\/mocky.eu\/index.php\/wp-json\/wp\/v2\/comments?post=8"}],"version-history":[{"count":18,"href":"https:\/\/mocky.eu\/index.php\/wp-json\/wp\/v2\/pages\/8\/revisions"}],"predecessor-version":[{"id":82,"href":"https:\/\/mocky.eu\/index.php\/wp-json\/wp\/v2\/pages\/8\/revisions\/82"}],"wp:attachment":[{"href":"https:\/\/mocky.eu\/index.php\/wp-json\/wp\/v2\/media?parent=8"}],"curies":[{"name":"wp","href":"https:\/\/api.w.org\/{rel}","templated":true}]}}